{"id":13027,"date":"2023-07-07T20:04:52","date_gmt":"2023-07-07T20:04:52","guid":{"rendered":"https:\/\/reclutalentos.com\/?page_id=13027"},"modified":"2023-07-24T13:48:33","modified_gmt":"2023-07-24T13:48:33","slug":"servicios","status":"publish","type":"page","link":"https:\/\/reclutalentos.com\/en\/servicios\/","title":{"rendered":"Services"},"content":{"rendered":"<div data-elementor-type=\"wp-page\" data-elementor-id=\"13027\" class=\"elementor elementor-13027\">\n\t\t\t\t\t\t\t\t\t<section class=\"elementor-section elementor-top-section elementor-element elementor-element-12dcb923 elementor-section-boxed elementor-section-height-default elementor-section-height-default elementor-invisible\" data-id=\"12dcb923\" data-element_type=\"section\" data-settings=\"{&quot;animation&quot;:&quot;zoomIn&quot;}\">\n\t\t\t\t\t\t\t<div class=\"elementor-background-overlay\"><\/div>\n\t\t\t\t\t\t\t<div class=\"elementor-container elementor-column-gap-default\">\n\t\t\t\t\t<div class=\"elementor-column elementor-col-100 elementor-top-column elementor-element elementor-element-795f659\" data-id=\"795f659\" data-element_type=\"column\">\n\t\t\t<div class=\"elementor-widget-wrap elementor-element-populated\">\n\t\t\t\t\t\t\t\t<section class=\"elementor-section elementor-inner-section elementor-element elementor-element-b0d4f69 elementor-section-boxed elementor-section-height-default elementor-section-height-default\" data-id=\"b0d4f69\" data-element_type=\"section\">\n\t\t\t\t\t\t<div class=\"elementor-container elementor-column-gap-default\">\n\t\t\t\t\t<div class=\"elementor-column elementor-col-100 elementor-inner-column elementor-element elementor-element-1753c12a\" data-id=\"1753c12a\" data-element_type=\"column\">\n\t\t\t<div class=\"elementor-widget-wrap elementor-element-populated\">\n\t\t\t\t\t\t\t\t<div class=\"elementor-element elementor-element-37d5d6f5 elementor-widget elementor-widget-infetech_elementor_heading\" data-id=\"37d5d6f5\" data-element_type=\"widget\" data-widget_type=\"infetech_elementor_heading.default\">\n\t\t\t\t<div class=\"elementor-widget-container\">\n\t\t\t\n\t\t\t<div class=\"ova-heading\">\n\t\t\t\t\n\t\t\t\t\n\t\t\t\t\n\t\t\t\t\t<h2 class=\"title\">\t\t\t\t\t\t\t\t\t\t\t\t\tOur services\t\t\t\t\t\t\t\t\t\t\t<\/h2>\n                \n                \n\t\t\t<\/div>\n\n\t\t\t\t<\/div>\n\t\t\t\t<\/div>\n\t\t\t\t\t<\/div>\n\t\t<\/div>\n\t\t\t\t\t\t\t<\/div>\n\t\t<\/section>\n\t\t\t\t<div class=\"elementor-element elementor-element-1d013fb6 elementor-widget elementor-widget-infetech_elementor_service_slider\" data-id=\"1d013fb6\" data-element_type=\"widget\" data-settings=\"{&quot;pause_on_hover&quot;:&quot;yes&quot;,&quot;infinite&quot;:&quot;yes&quot;,&quot;autoplay&quot;:&quot;yes&quot;,&quot;autoplay_speed&quot;:3000}\" data-widget_type=\"infetech_elementor_service_slider.default\">\n\t\t\t\t<div class=\"elementor-widget-container\">\n\t\t\t\n\t\t<div class=\"ova-services-slider\">\n\t\t\t<div class=\"services-slider\" data-options=\"{&quot;items&quot;:3,&quot;autoplayHoverPause&quot;:true,&quot;loop&quot;:true,&quot;autoplay&quot;:true,&quot;autoplayTimeout&quot;:3000,&quot;smartSpeed&quot;:300}\">\n\t\t\t\t\t\t\t\t\t<div class=\"item\">\n\t\t\t\t\t\t<div class=\"item-box\">\n\t\t\t\t\t\t\t<i class=\"flaticoninfetech- flaticon-infetech-corporation\"><\/i>\n\t\t\t\t\t\t\t<h2 class=\"sub-title\">Head-Hunter<\/h2>\n\t\t\t\t\t\t\t\t\t\t\t\t\t\t\t<img decoding=\"async\" src=\"https:\/\/reclutalentos.com\/wp-content\/uploads\/2023\/07\/bg-servicios.webp\" alt=\"\">\n\t\t\t\t\t\t\t\t\t\t\t\t\t<\/div>\n\t\t\t\t\t\t<i aria-hidden=\"true\" class=\"ovaicon ovaicon-download\"><\/i>\n\t\t\t\t\t<\/div>\n\t\t\t\t\t\t\t\t\t<div class=\"item\">\n\t\t\t\t\t\t<div class=\"item-box\">\n\t\t\t\t\t\t\t<i class=\"flaticon flaticon-quality\"><\/i>\n\t\t\t\t\t\t\t<h2 class=\"sub-title\">Security Studies<\/h2>\n\t\t\t\t\t\t\t\t\t\t\t\t\t\t\t<img decoding=\"async\" src=\"https:\/\/reclutalentos.com\/wp-content\/uploads\/2023\/07\/bg-servicios.webp\" alt=\"\">\n\t\t\t\t\t\t\t\t\t\t\t\t\t<\/div>\n\t\t\t\t\t\t<i aria-hidden=\"true\" class=\"ovaicon ovaicon-download\"><\/i>\n\t\t\t\t\t<\/div>\n\t\t\t\t\t\t\t\t\t<div class=\"item\">\n\t\t\t\t\t\t<div class=\"item-box\">\n\t\t\t\t\t\t\t<i class=\"flaticoninfetech- flaticon-infetech-computer\"><\/i>\n\t\t\t\t\t\t\t<h2 class=\"sub-title\">Administration of payroll<\/h2>\n\t\t\t\t\t\t\t\t\t\t\t\t\t\t\t<img decoding=\"async\" src=\"https:\/\/reclutalentos.com\/wp-content\/uploads\/2023\/07\/bg-servicios.webp\" alt=\"\">\n\t\t\t\t\t\t\t\t\t\t\t\t\t<\/div>\n\t\t\t\t\t\t<i aria-hidden=\"true\" class=\"ovaicon ovaicon-download\"><\/i>\n\t\t\t\t\t<\/div>\n\t\t\t\t\t\t\t<\/div>\n\t\t\t<div class=\"services-slider-content\">\n\t\t\t\t\t\t\t<div class=\"content\">\n\t\t\t\t\t<h2 class=\"content-title\">Head-Hunter<\/h2>\n\t\t\t\t\t<p class=\"description\"> We understand that each company has its own principles and values, which is why we custom design each job proposal, starting with a profile survey, assessing the salary scale of the position in front of the market and the business sector.<\/p>\n\t\t\t\t\t<a class=\"services-btn\" href=\"https:\/\/reclutalentos.com\/en\/servicios\/head-hunter\/\" title=\"Read more\">\n\t\t\t\t\t\t<span class=\"btn-text\">\n\t\t\t\t\t\t\tRead more\t\t\t\t\t\t<\/span>\n\t\t\t\t\t<\/a>\n\t\t\t\t<\/div>\n\t\t\t\t\t\t\t<div class=\"content\">\n\t\t\t\t\t<h2 class=\"content-title\">Security Studies<\/h2>\n\t\t\t\t\t<p class=\"description\">We carry out socioeconomic, personal, behavioral studies to establish the veracity of the historical information of the evaluated person, carrying out home visits and polygraphs with specialists in each area.<\/p>\n\t\t\t\t\t<a class=\"services-btn\" href=\"https:\/\/reclutalentos.com\/en\/servicios\/estudios-de-seguridad\/\" title=\"Read more\">\n\t\t\t\t\t\t<span class=\"btn-text\">\n\t\t\t\t\t\t\tRead more\t\t\t\t\t\t<\/span>\n\t\t\t\t\t<\/a>\n\t\t\t\t<\/div>\n\t\t\t\t\t\t\t<div class=\"content\">\n\t\t\t\t\t<h2 class=\"content-title\">Administration of payroll<\/h2>\n\t\t\t\t\t<p class=\"description\">Payroll Outsourcing (Payroll): We carry out the hiring of mission personnel, payroll settlement, social security, contract terminations, provisions and accounting accruals.<\/p>\n\t\t\t\t\t<a class=\"services-btn\" href=\"https:\/\/reclutalentos.com\/en\/servicios\/administracion-de-nomina\/\" title=\"Read more\">\n\t\t\t\t\t\t<span class=\"btn-text\">\n\t\t\t\t\t\t\tRead more\t\t\t\t\t\t<\/span>\n\t\t\t\t\t<\/a>\n\t\t\t\t<\/div>\n\t\t\t\t\t\t<\/div>\n\t\t<\/div>\n\t\t \t\n\t\t\t\t<\/div>\n\t\t\t\t<\/div>\n\t\t\t\t\t<\/div>\n\t\t<\/div>\n\t\t\t\t\t\t\t<\/div>\n\t\t<\/section>\n\t\t\t\t\t\t\t<\/div>","protected":false},"excerpt":{"rendered":"<p>Nuestros servicios Head-Hunter Estudios de Seguridad Administraci\u00f3n de N\u00f3mina Head-Hunter Comprendemos que cada compa\u00f1\u00eda tiene sus propios principios y valores, es por ello que dise\u00f1amos de manera personalizada cada propuesta de trabajo, iniciando con un levantamiento de perfil, valorando la escala salarial de la posici\u00f3n frente al mercado y el sector empresarial. Leer m\u00e1s Estudios [&hellip;]<\/p>","protected":false},"author":1,"featured_media":0,"parent":0,"menu_order":0,"comment_status":"closed","ping_status":"closed","template":"elementor_header_footer","meta":{"_monsterinsights_skip_tracking":false,"_monsterinsights_sitenote_active":false,"_monsterinsights_sitenote_note":"","_monsterinsights_sitenote_category":0},"yoast_head":"<!-- This site is optimized with the Yoast SEO plugin v20.12 - https:\/\/yoast.com\/wordpress\/plugins\/seo\/ -->\n<title>Servicios - Reclutalentos<\/title>\n<meta name=\"robots\" content=\"index, follow, max-snippet:-1, max-image-preview:large, max-video-preview:-1\" \/>\n<link rel=\"canonical\" href=\"https:\/\/reclutalentos.com\/en\/servicios\/\" \/>\n<meta property=\"og:locale\" content=\"en_US\" \/>\n<meta property=\"og:type\" content=\"article\" \/>\n<meta property=\"og:title\" content=\"Servicios - Reclutalentos\" \/>\n<meta property=\"og:description\" content=\"Nuestros servicios Head-Hunter Estudios de Seguridad Administraci\u00f3n de N\u00f3mina Head-Hunter Comprendemos que cada compa\u00f1\u00eda tiene sus propios principios y valores, es por ello que dise\u00f1amos de manera personalizada cada propuesta de trabajo, iniciando con un levantamiento de perfil, valorando la escala salarial de la posici\u00f3n frente al mercado y el sector empresarial. Leer m\u00e1s Estudios [&hellip;]\" \/>\n<meta property=\"og:url\" content=\"https:\/\/reclutalentos.com\/en\/servicios\/\" \/>\n<meta property=\"og:site_name\" content=\"Reclutalentos\" \/>\n<meta property=\"article:modified_time\" content=\"2023-07-24T13:48:33+00:00\" \/>\n<meta property=\"og:image\" content=\"https:\/\/reclutalentos.com\/wp-content\/uploads\/2023\/07\/bg-servicios.webp\" \/>\n<meta name=\"twitter:card\" content=\"summary_large_image\" \/>\n<meta name=\"twitter:label1\" content=\"Est. reading time\" \/>\n\t<meta name=\"twitter:data1\" content=\"1 minute\" \/>\n<script type=\"application\/ld+json\" class=\"yoast-schema-graph\">{\"@context\":\"https:\/\/schema.org\",\"@graph\":[{\"@type\":\"WebPage\",\"@id\":\"https:\/\/reclutalentos.com\/servicios\/\",\"url\":\"https:\/\/reclutalentos.com\/servicios\/\",\"name\":\"Servicios - Reclutalentos\",\"isPartOf\":{\"@id\":\"https:\/\/reclutalentos.com\/es\/#website\"},\"datePublished\":\"2023-07-07T20:04:52+00:00\",\"dateModified\":\"2023-07-24T13:48:33+00:00\",\"breadcrumb\":{\"@id\":\"https:\/\/reclutalentos.com\/servicios\/#breadcrumb\"},\"inLanguage\":\"en-US\",\"potentialAction\":[{\"@type\":\"ReadAction\",\"target\":[\"https:\/\/reclutalentos.com\/servicios\/\"]}]},{\"@type\":\"BreadcrumbList\",\"@id\":\"https:\/\/reclutalentos.com\/servicios\/#breadcrumb\",\"itemListElement\":[{\"@type\":\"ListItem\",\"position\":1,\"name\":\"Portada\",\"item\":\"https:\/\/reclutalentos.com\/\"},{\"@type\":\"ListItem\",\"position\":2,\"name\":\"Servicios\"}]},{\"@type\":\"WebSite\",\"@id\":\"https:\/\/reclutalentos.com\/es\/#website\",\"url\":\"https:\/\/reclutalentos.com\/es\/\",\"name\":\"Reclutalentos\",\"description\":\"Somos el HeadHunting n\u00famero uno en Am\u00e9rica Latina\",\"potentialAction\":[{\"@type\":\"SearchAction\",\"target\":{\"@type\":\"EntryPoint\",\"urlTemplate\":\"https:\/\/reclutalentos.com\/es\/?s={search_term_string}\"},\"query-input\":\"required name=search_term_string\"}],\"inLanguage\":\"en-US\"}]}<\/script>\n<!-- \/ Yoast SEO plugin. -->","yoast_head_json":{"title":"Servicios - Reclutalentos","robots":{"index":"index","follow":"follow","max-snippet":"max-snippet:-1","max-image-preview":"max-image-preview:large","max-video-preview":"max-video-preview:-1"},"canonical":"https:\/\/reclutalentos.com\/en\/servicios\/","og_locale":"en_US","og_type":"article","og_title":"Servicios - Reclutalentos","og_description":"Nuestros servicios Head-Hunter Estudios de Seguridad Administraci\u00f3n de N\u00f3mina Head-Hunter Comprendemos que cada compa\u00f1\u00eda tiene sus propios principios y valores, es por ello que dise\u00f1amos de manera personalizada cada propuesta de trabajo, iniciando con un levantamiento de perfil, valorando la escala salarial de la posici\u00f3n frente al mercado y el sector empresarial. Leer m\u00e1s Estudios [&hellip;]","og_url":"https:\/\/reclutalentos.com\/en\/servicios\/","og_site_name":"Reclutalentos","article_modified_time":"2023-07-24T13:48:33+00:00","og_image":[{"url":"https:\/\/reclutalentos.com\/wp-content\/uploads\/2023\/07\/bg-servicios.webp"}],"twitter_card":"summary_large_image","twitter_misc":{"Est. reading time":"1 minute"},"schema":{"@context":"https:\/\/schema.org","@graph":[{"@type":"WebPage","@id":"https:\/\/reclutalentos.com\/servicios\/","url":"https:\/\/reclutalentos.com\/servicios\/","name":"Servicios - Reclutalentos","isPartOf":{"@id":"https:\/\/reclutalentos.com\/es\/#website"},"datePublished":"2023-07-07T20:04:52+00:00","dateModified":"2023-07-24T13:48:33+00:00","breadcrumb":{"@id":"https:\/\/reclutalentos.com\/servicios\/#breadcrumb"},"inLanguage":"en-US","potentialAction":[{"@type":"ReadAction","target":["https:\/\/reclutalentos.com\/servicios\/"]}]},{"@type":"BreadcrumbList","@id":"https:\/\/reclutalentos.com\/servicios\/#breadcrumb","itemListElement":[{"@type":"ListItem","position":1,"name":"Portada","item":"https:\/\/reclutalentos.com\/"},{"@type":"ListItem","position":2,"name":"Servicios"}]},{"@type":"WebSite","@id":"https:\/\/reclutalentos.com\/es\/#website","url":"https:\/\/reclutalentos.com\/es\/","name":"Reclutalentos","description":"Somos el HeadHunting n\u00famero uno en Am\u00e9rica Latina","potentialAction":[{"@type":"SearchAction","target":{"@type":"EntryPoint","urlTemplate":"https:\/\/reclutalentos.com\/es\/?s={search_term_string}"},"query-input":"required name=search_term_string"}],"inLanguage":"en-US"}]}},"_links":{"self":[{"href":"https:\/\/reclutalentos.com\/en\/wp-json\/wp\/v2\/pages\/13027"}],"collection":[{"href":"https:\/\/reclutalentos.com\/en\/wp-json\/wp\/v2\/pages"}],"about":[{"href":"https:\/\/reclutalentos.com\/en\/wp-json\/wp\/v2\/types\/page"}],"author":[{"embeddable":true,"href":"https:\/\/reclutalentos.com\/en\/wp-json\/wp\/v2\/users\/1"}],"replies":[{"embeddable":true,"href":"https:\/\/reclutalentos.com\/en\/wp-json\/wp\/v2\/comments?post=13027"}],"version-history":[{"count":53,"href":"https:\/\/reclutalentos.com\/en\/wp-json\/wp\/v2\/pages\/13027\/revisions"}],"predecessor-version":[{"id":14023,"href":"https:\/\/reclutalentos.com\/en\/wp-json\/wp\/v2\/pages\/13027\/revisions\/14023"}],"wp:attachment":[{"href":"https:\/\/reclutalentos.com\/en\/wp-json\/wp\/v2\/media?parent=13027"}],"curies":[{"name":"wp","href":"https:\/\/api.w.org\/{rel}","templated":true}]}}