{"id":24,"date":"2022-03-02T04:04:10","date_gmt":"2022-03-02T04:04:10","guid":{"rendered":"https:\/\/demo.ovatheme.com\/infetech\/?page_id=24"},"modified":"2025-06-11T14:51:51","modified_gmt":"2025-06-11T14:51:51","slug":"head-hunter","status":"publish","type":"page","link":"https:\/\/reclutalentos.com\/en\/servicios\/head-hunter\/","title":{"rendered":"Head-Hunter"},"content":{"rendered":"<div data-elementor-type=\"wp-page\" data-elementor-id=\"24\" class=\"elementor elementor-24\">\n\t\t\t\t\t\t\t\t\t<section class=\"elementor-section elementor-top-section elementor-element elementor-element-600a08d elementor-section-boxed elementor-section-height-default elementor-section-height-default elementor-invisible\" data-id=\"600a08d\" data-element_type=\"section\" data-settings=\"{&quot;animation&quot;:&quot;zoomIn&quot;}\">\n\t\t\t\t\t\t<div class=\"elementor-container elementor-column-gap-default\">\n\t\t\t\t\t<div class=\"elementor-column elementor-col-100 elementor-top-column elementor-element elementor-element-bff2904\" data-id=\"bff2904\" data-element_type=\"column\">\n\t\t\t<div class=\"elementor-widget-wrap elementor-element-populated\">\n\t\t\t\t\t\t\t\t<div class=\"elementor-element elementor-element-e783a37 elementor-widget elementor-widget-text-editor\" data-id=\"e783a37\" data-element_type=\"widget\" data-widget_type=\"text-editor.default\">\n\t\t\t\t<div class=\"elementor-widget-container\">\n\t\t\t<style>\/*! elementor - v3.14.0 - 26-06-2023 *\/\n.elementor-widget-text-editor.elementor-drop-cap-view-stacked .elementor-drop-cap{background-color:#69727d;color:#fff}.elementor-widget-text-editor.elementor-drop-cap-view-framed .elementor-drop-cap{color:#69727d;border:3px solid;background-color:transparent}.elementor-widget-text-editor:not(.elementor-drop-cap-view-default) .elementor-drop-cap{margin-top:8px}.elementor-widget-text-editor:not(.elementor-drop-cap-view-default) .elementor-drop-cap-letter{width:1em;height:1em}.elementor-widget-text-editor .elementor-drop-cap{float:left;text-align:center;line-height:1;font-size:50px}.elementor-widget-text-editor .elementor-drop-cap-letter{display:inline-block}<\/style>\t\t\t\tWe understand that each company has its own principles and values, which is why we custom design each job proposal, starting with a profile survey, assessing the salary scale of the position in front of the market and the business sector.\t\t\t\t\t\t<\/div>\n\t\t\t\t<\/div>\n\t\t\t\t\t<\/div>\n\t\t<\/div>\n\t\t\t\t\t\t\t<\/div>\n\t\t<\/section>\n\t\t\t\t<section class=\"elementor-section elementor-top-section elementor-element elementor-element-4e92d0f elementor-reverse-tablet elementor-reverse-mobile elementor-section-boxed elementor-section-height-default elementor-section-height-default\" data-id=\"4e92d0f\" data-element_type=\"section\" data-settings=\"{&quot;background_background&quot;:&quot;classic&quot;}\">\n\t\t\t\t\t\t\t<div class=\"elementor-background-overlay\"><\/div>\n\t\t\t\t\t\t\t<div class=\"elementor-container elementor-column-gap-default\">\n\t\t\t\t\t<div class=\"elementor-column elementor-col-33 elementor-top-column elementor-element elementor-element-fc36506\" data-id=\"fc36506\" data-element_type=\"column\">\n\t\t\t<div class=\"elementor-widget-wrap elementor-element-populated\">\n\t\t\t\t\t\t\t\t<div class=\"elementor-element elementor-element-3fd9be7 elementor-hidden-mobile elementor-invisible elementor-widget elementor-widget-image\" data-id=\"3fd9be7\" data-element_type=\"widget\" data-settings=\"{&quot;_animation&quot;:&quot;zoomIn&quot;,&quot;_animation_tablet&quot;:&quot;none&quot;}\" data-widget_type=\"image.default\">\n\t\t\t\t<div class=\"elementor-widget-container\">\n\t\t\t<style>\/*! elementor - v3.14.0 - 26-06-2023 *\/\n.elementor-widget-image{text-align:center}.elementor-widget-image a{display:inline-block}.elementor-widget-image a img[src$=\".svg\"]{width:48px}.elementor-widget-image img{vertical-align:middle;display:inline-block}<\/style>\t\t\t\t\t\t\t\t\t\t\t\t<img decoding=\"async\" width=\"300\" height=\"320\" src=\"https:\/\/reclutalentos.com\/wp-content\/uploads\/2023\/07\/Head-hunter-img-2.webp\" class=\"attachment-full size-full wp-image-13105\" alt=\"\" loading=\"lazy\" srcset=\"https:\/\/reclutalentos.com\/wp-content\/uploads\/2023\/07\/Head-hunter-img-2.webp 300w, https:\/\/reclutalentos.com\/wp-content\/uploads\/2023\/07\/Head-hunter-img-2-281x300.webp 281w\" sizes=\"(max-width: 300px) 100vw, 300px\" \/>\t\t\t\t\t\t\t\t\t\t\t\t\t\t\t<\/div>\n\t\t\t\t<\/div>\n\t\t\t\t<div class=\"elementor-element elementor-element-2b9911d elementor-hidden-mobile elementor-invisible elementor-widget elementor-widget-infetech_elementor_ova_icon_box\" data-id=\"2b9911d\" data-element_type=\"widget\" data-settings=\"{&quot;_animation&quot;:&quot;rotateInDownRight&quot;,&quot;_animation_tablet&quot;:&quot;none&quot;}\" data-widget_type=\"infetech_elementor_ova_icon_box.default\">\n\t\t\t\t<div class=\"elementor-widget-container\">\n\t\t\t            \n            \n\t\t\t    <div class=\"ova-icon-box-template3\">\n\n                                        \t<div class=\"icon\">\n                    \t\t<i aria-hidden=\"true\" class=\"flaticoninfetech- flaticon-infetech-corporation\"><\/i> \n                    \t<\/div>\n\t\t            \n\t\t\t    <\/div>\n\n\t\t\t\n\t\t\t\t<\/div>\n\t\t\t\t<\/div>\n\t\t\t\t\t<\/div>\n\t\t<\/div>\n\t\t\t\t<div class=\"elementor-column elementor-col-33 elementor-top-column elementor-element elementor-element-490706b\" data-id=\"490706b\" data-element_type=\"column\">\n\t\t\t<div class=\"elementor-widget-wrap elementor-element-populated\">\n\t\t\t\t\t\t\t\t<div class=\"elementor-element elementor-element-0e2d38d elementor-hidden-mobile elementor-invisible elementor-widget elementor-widget-infetech_elementor_ova_icon_box\" data-id=\"0e2d38d\" data-element_type=\"widget\" data-settings=\"{&quot;_animation&quot;:&quot;rotateInUpRight&quot;,&quot;_animation_tablet&quot;:&quot;none&quot;}\" data-widget_type=\"infetech_elementor_ova_icon_box.default\">\n\t\t\t\t<div class=\"elementor-widget-container\">\n\t\t\t            \n            \n\t\t\t    <div class=\"ova-icon-box-template3\">\n\n                                        \t<div class=\"icon\">\n                    \t\t<i aria-hidden=\"true\" class=\"flaticoninfetech- flaticon-infetech-corporation\"><\/i> \n                    \t<\/div>\n\t\t            \n\t\t\t    <\/div>\n\n\t\t\t\n\t\t\t\t<\/div>\n\t\t\t\t<\/div>\n\t\t\t\t<div class=\"elementor-element elementor-element-75b9ba6 elementor-invisible elementor-widget elementor-widget-image\" data-id=\"75b9ba6\" data-element_type=\"widget\" data-settings=\"{&quot;_animation&quot;:&quot;zoomIn&quot;,&quot;_animation_tablet&quot;:&quot;none&quot;}\" data-widget_type=\"image.default\">\n\t\t\t\t<div class=\"elementor-widget-container\">\n\t\t\t\t\t\t\t\t\t\t\t\t\t\t\t<img decoding=\"async\" width=\"300\" height=\"320\" src=\"https:\/\/reclutalentos.com\/wp-content\/uploads\/2023\/07\/Head-hunter-img-1.webp\" class=\"attachment-full size-full wp-image-13104\" alt=\"\" loading=\"lazy\" srcset=\"https:\/\/reclutalentos.com\/wp-content\/uploads\/2023\/07\/Head-hunter-img-1.webp 300w, https:\/\/reclutalentos.com\/wp-content\/uploads\/2023\/07\/Head-hunter-img-1-281x300.webp 281w\" sizes=\"(max-width: 300px) 100vw, 300px\" \/>\t\t\t\t\t\t\t\t\t\t\t\t\t\t\t<\/div>\n\t\t\t\t<\/div>\n\t\t\t\t\t<\/div>\n\t\t<\/div>\n\t\t\t\t<div class=\"elementor-column elementor-col-33 elementor-top-column elementor-element elementor-element-3e6a67e elementor-invisible\" data-id=\"3e6a67e\" data-element_type=\"column\" data-settings=\"{&quot;animation&quot;:&quot;zoomIn&quot;}\">\n\t\t\t<div class=\"elementor-widget-wrap elementor-element-populated\">\n\t\t\t\t\t\t\t\t<div class=\"elementor-element elementor-element-76f56be elementor-widget elementor-widget-infetech_elementor_heading\" data-id=\"76f56be\" data-element_type=\"widget\" data-widget_type=\"infetech_elementor_heading.default\">\n\t\t\t\t<div class=\"elementor-widget-container\">\n\t\t\t\n\t\t\t<div class=\"ova-heading\">\n\t\t\t\t\n\t\t\t\t\n\t\t\t\t\n\t\t\t\t\t<h2 class=\"title\">\t\t\t\t\t\t\t\t\t\t\t\t\tBenefits\t\t\t\t\t\t\t\t\t\t\t<\/h2>\n                \n                \n\t\t\t<\/div>\n\n\t\t\t\t<\/div>\n\t\t\t\t<\/div>\n\t\t\t\t<div class=\"elementor-element elementor-element-b981e14 elementor-widget elementor-widget-text-editor\" data-id=\"b981e14\" data-element_type=\"widget\" data-widget_type=\"text-editor.default\">\n\t\t\t\t<div class=\"elementor-widget-container\">\n\t\t\t\t\t\t\t<ul>\n<li>We handle minimum delivery times, as a Human Resources consulting company we understand that a vacant position is a daily waste of money and corporate effort.<\/li>\n\n<li>We work with all business sectors. (Oil&amp;Gas, Solidarity, Horeca, Industrial, IT, Health, Construction, Education, transport, logistics, Food, among others.)<\/li>\n\n<li>We have national coverage and partners at the LATAM level, thus allowing greater effectiveness in recruitment.<\/li>\n\n<li>Guarantee for effective selection process.<\/li>\n\n<li>We are the only Head-hunter with a compliance policy for strategic and managerial positions.<\/li>\n\n<li>We align your job position to your SG-SST, thus providing greater legal protection in each of your corporate areas.<\/li>\n\n<li>We handle a complete security study, including a home visit.<\/li>\n<\/ul>\t\t\t\t\t\t<\/div>\n\t\t\t\t<\/div>\n\t\t\t\t\t<\/div>\n\t\t<\/div>\n\t\t\t\t\t\t\t<\/div>\n\t\t<\/section>\n\t\t\t\t<section class=\"elementor-section elementor-top-section elementor-element elementor-element-39e1b9b2 elementor-section-boxed elementor-section-height-default elementor-section-height-default elementor-invisible\" data-id=\"39e1b9b2\" data-element_type=\"section\" data-settings=\"{&quot;animation&quot;:&quot;zoomIn&quot;}\">\n\t\t\t\t\t\t<div class=\"elementor-container elementor-column-gap-default\">\n\t\t\t\t\t<div class=\"elementor-column elementor-col-50 elementor-top-column elementor-element elementor-element-7fad66c1\" data-id=\"7fad66c1\" data-element_type=\"column\">\n\t\t\t<div class=\"elementor-widget-wrap elementor-element-populated\">\n\t\t\t\t\t\t\t\t<div class=\"elementor-element elementor-element-7b3b2e60 elementor-widget elementor-widget-infetech_elementor_heading\" data-id=\"7b3b2e60\" data-element_type=\"widget\" data-widget_type=\"infetech_elementor_heading.default\">\n\t\t\t\t<div class=\"elementor-widget-container\">\n\t\t\t\n\t\t\t<div class=\"ova-heading\">\n\t\t\t\t\n\t\t\t\t\n\t\t\t\t\n\t\t\t\t\t<h3 class=\"title\">\t\t\t\t\t\t\t\t\t\t\t\t\tContact us for more information\t\t\t\t\t\t\t\t\t\t\t<\/h3>\n                \n                \n\t\t\t<\/div>\n\n\t\t\t\t<\/div>\n\t\t\t\t<\/div>\n\t\t\t\t<div class=\"elementor-element elementor-element-51a351ae elementor-widget elementor-widget-infetech_elementor_contact_info\" data-id=\"51a351ae\" data-element_type=\"widget\" data-widget_type=\"infetech_elementor_contact_info.default\">\n\t\t\t\t<div class=\"elementor-widget-container\">\n\t\t\t\t\t\t<div class=\"ova-contact-info template2\">\n\t\t\t\t\n\t\t\t\t\t\t\t\t\t\t\t\t\t\t\t<div class=\"circle\">\n\t\t\t\t\t\t\t<div class=\"icon\">\n\t\t\t\t\t\t\t\t<i class=\"ovaicon ovaicon-phone-call\"><\/i>\n\t\t\t\t\t\t\t<\/div>\n\t\t\t\t\t\t<\/div>\t\n\t\t\t\t    \t\t\t    \t\t\t\t\n\t\t\t\t<div class=\"contact\">\n\t\t\t\t\t\n\t\t\t\t\t\t\t\t\t\t\t<div class=\"label\">\n\t\t\t\t\t\t\tTelephone\t\t\t\t\t\t<\/div>\n\t\t\t\t\t\n\t\t\t\t\t<ul class=\"info\">\n\t\t\t\t\t\t\n\t\t\t\t\t\t\t\t<li class=\"item\">\n\n\t\t\t\t\t\t\t\t\t\t\t\t\t\t\t\t\t\t\t\t\t<a href=\"tel: 573148432283\" title=\"address\">\n\t\t\t\t\t\t\t\t\t\t\t\t\t+57 314 843 2283\t\t\t\t\t\t\t\t\t\t\t\t<\/a>\n\t\t\t\t\t\t\t\t\t\t\t\t\t\t\t\t\t\t\t<\/li>\n\t\t\t\t\t\t\t\n\t\t\t\t\t\t\t\t\t\t\t<\/ul>\n\n\t\t\t\t<\/div>\n\n\t\t\t<\/div>\n\n\t\t\t\t<\/div>\n\t\t\t\t<\/div>\n\t\t\t\t<div class=\"elementor-element elementor-element-16812ec3 elementor-widget elementor-widget-infetech_elementor_contact_info\" data-id=\"16812ec3\" data-element_type=\"widget\" data-widget_type=\"infetech_elementor_contact_info.default\">\n\t\t\t\t<div class=\"elementor-widget-container\">\n\t\t\t\t\t\t<div class=\"ova-contact-info template2\">\n\t\t\t\t\n\t\t\t\t\t\t\t\t\t\t\t\t\t\t\t<div class=\"circle\">\n\t\t\t\t\t\t\t<div class=\"icon\">\n\t\t\t\t\t\t\t\t<i class=\"ovaicon ovaicon-email\"><\/i>\n\t\t\t\t\t\t\t<\/div>\n\t\t\t\t\t\t<\/div>\t\n\t\t\t\t    \t\t\t    \t\t\t\t\n\t\t\t\t<div class=\"contact\">\n\t\t\t\t\t\n\t\t\t\t\t\t\t\t\t\t\t<div class=\"label\">\n\t\t\t\t\t\t\tSend mail\t\t\t\t\t\t<\/div>\n\t\t\t\t\t\n\t\t\t\t\t<ul class=\"info\">\n\t\t\t\t\t\t\n\t\t\t\t\t\t\t\t<li class=\"item\">\n\n\t\t\t\t\t\t\t\t\t\t\t\t\t\t\t\t\t\t\t\t\t<a href=\"mailto:contacto@reclutalentos.com\" title=\"address\">\n\t\t\t\t\t\t\t\t\t\t\t\t\tcontacto@reclutalentos.com\t\t\t\t\t\t\t\t\t\t\t\t<\/a>\n\t\t\t\t\t\t\t\t\t\t\t\t\t\t\t\t\t\t\t<\/li>\n\t\t\t\t\t\t\t\n\t\t\t\t\t\t\t\t\t\t\t<\/ul>\n\n\t\t\t\t<\/div>\n\n\t\t\t<\/div>\n\n\t\t\t\t<\/div>\n\t\t\t\t<\/div>\n\t\t\t\t<div class=\"elementor-element elementor-element-b11458a elementor-widget elementor-widget-infetech_elementor_contact_info\" data-id=\"b11458a\" data-element_type=\"widget\" data-widget_type=\"infetech_elementor_contact_info.default\">\n\t\t\t\t<div class=\"elementor-widget-container\">\n\t\t\t\t\t\t<div class=\"ova-contact-info template2\">\n\t\t\t\t\n\t\t\t\t\t\t\t\t\t\t\t\t\t\t\t<div class=\"circle\">\n\t\t\t\t\t\t\t<div class=\"icon\">\n\t\t\t\t\t\t\t\t<i class=\"ovaicon ovaicon-placeholder\"><\/i>\n\t\t\t\t\t\t\t<\/div>\n\t\t\t\t\t\t<\/div>\t\n\t\t\t\t    \t\t\t    \t\t\t\t\n\t\t\t\t<div class=\"contact\">\n\t\t\t\t\t\n\t\t\t\t\t\t\t\t\t\t\t<div class=\"label\">\n\t\t\t\t\t\t\tAddress\t\t\t\t\t\t<\/div>\n\t\t\t\t\t\n\t\t\t\t\t<ul class=\"info\">\n\t\t\t\t\t\t\n\t\t\t\t\t\t\t\t<li class=\"item\">\n\n\t\t\t\t\t\t\t\t\tCr 16 #97-46 edificio torre 97 Bogot\u00e1 Colombia\t\t\t\t\t\t\t\t<\/li>\n\t\t\t\t\t\t\t\n\t\t\t\t\t\t\t\t\t\t\t<\/ul>\n\n\t\t\t\t<\/div>\n\n\t\t\t<\/div>\n\n\t\t\t\t<\/div>\n\t\t\t\t<\/div>\n\t\t\t\t\t<\/div>\n\t\t<\/div>\n\t\t\t\t<div class=\"elementor-column elementor-col-50 elementor-top-column elementor-element elementor-element-2eefd864\" data-id=\"2eefd864\" data-element_type=\"column\" data-settings=\"{&quot;background_background&quot;:&quot;classic&quot;}\">\n\t\t\t<div class=\"elementor-widget-wrap elementor-element-populated\">\n\t\t\t\t\t\t\t\t<div class=\"elementor-element elementor-element-7789a1a3 elementor-widget elementor-widget-shortcode\" data-id=\"7789a1a3\" data-element_type=\"widget\" data-widget_type=\"shortcode.default\">\n\t\t\t\t<div class=\"elementor-widget-container\">\n\t\t\t\t\t<div class=\"elementor-shortcode\">\n<div class=\"wpcf7 no-js\" id=\"wpcf7-f12704-o1\" lang=\"en-US\" dir=\"ltr\">\n<div class=\"screen-reader-response\"><p role=\"status\" aria-live=\"polite\" aria-atomic=\"true\"><\/p> <ul><\/ul><\/div>\n<form action=\"\/en\/wp-json\/wp\/v2\/pages\/24#wpcf7-f12704-o1\" method=\"post\" class=\"wpcf7-form init\" aria-label=\"Contact form\" novalidate=\"novalidate\" data-status=\"init\" data-trp-original-action=\"\/en\/wp-json\/wp\/v2\/pages\/24#wpcf7-f12704-o1\">\n<div style=\"display: none;\">\n<input type=\"hidden\" name=\"_wpcf7\" value=\"12704\" \/>\n<input type=\"hidden\" name=\"_wpcf7_version\" value=\"5.7.7\" \/>\n<input type=\"hidden\" name=\"_wpcf7_locale\" value=\"en_US\" \/>\n<input type=\"hidden\" name=\"_wpcf7_unit_tag\" value=\"wpcf7-f12704-o1\" \/>\n<input type=\"hidden\" name=\"_wpcf7_container_post\" value=\"0\" \/>\n<input type=\"hidden\" name=\"_wpcf7_posted_data_hash\" value=\"\" \/>\n<\/div>\n<div class=\"ova-ctfrom7\">\n\t<div class=\"form-contact-us\">\n\t\t<div class=\"form-left\">\n\t\t\t<div class=\"name-info ova_wrap_input\">\n\t\t\t\t<p><span class=\"wpcf7-form-control-wrap\" data-name=\"nombre\"><input size=\"40\" class=\"wpcf7-form-control wpcf7-text wpcf7-validates-as-required\" aria-required=\"true\" aria-invalid=\"false\" placeholder=\"Name and Last name\" value=\"\" type=\"text\" name=\"nombre\" \/><\/span>\n\t\t\t\t<\/p>\n\t\t\t<\/div>\n\t\t\t<div class=\"email ova_wrap_input\">\n\t\t\t\t<p><span class=\"wpcf7-form-control-wrap\" data-name=\"correo\"><input size=\"40\" class=\"wpcf7-form-control wpcf7-text wpcf7-email wpcf7-validates-as-required wpcf7-validates-as-email\" aria-required=\"true\" aria-invalid=\"false\" placeholder=\"Email\" value=\"\" type=\"email\" name=\"correo\" \/><\/span>\n\t\t\t\t<\/p>\n\t\t\t<\/div>\n\t\t<\/div>\n\t\t<div class=\"form-right\">\n\t\t\t<div class=\"phone ova_wrap_input\">\n\t\t\t\t<p><span class=\"wpcf7-form-control-wrap\" data-name=\"telefono\"><input size=\"40\" class=\"wpcf7-form-control wpcf7-text wpcf7-tel wpcf7-validates-as-required wpcf7-validates-as-tel\" aria-required=\"true\" aria-invalid=\"false\" placeholder=\"Telephone\" value=\"\" type=\"tel\" name=\"telefono\" \/><\/span>\n\t\t\t\t<\/p>\n\t\t\t<\/div>\n\t\t\t<div class=\"subject ova_wrap_input\">\n\t\t\t\t<p><span class=\"wpcf7-form-control-wrap\" data-name=\"asunto\"><input size=\"40\" class=\"wpcf7-form-control wpcf7-text wpcf7-validates-as-required\" aria-required=\"true\" aria-invalid=\"false\" placeholder=\"Subject\" value=\"\" type=\"text\" name=\"asunto\" \/><\/span>\n\t\t\t\t<\/p>\n\t\t\t<\/div>\n\t\t<\/div>\n\t\t<div class=\"message ova_wrap_input\">\n\t\t\t<p><span class=\"wpcf7-form-control-wrap\" data-name=\"mensaje\"><textarea cols=\"40\" rows=\"10\" class=\"wpcf7-form-control wpcf7-textarea wpcf7-validates-as-required\" aria-required=\"true\" aria-invalid=\"false\" placeholder=\"Message\" name=\"mensaje\"><\/textarea><\/span>\n\t\t\t<\/p>\n\t\t<\/div>\n\t\t<div class=\"ova-submit\">\n\t\t\t<p><input class=\"wpcf7-form-control has-spinner wpcf7-submit\" type=\"submit\" value=\"Send\" \/>\n\t\t\t<\/p>\n\t\t<\/div>\n\t<\/div>\n<\/div><div class=\"wpcf7-response-output\" aria-hidden=\"true\"><\/div>\n<input type=\"hidden\" name=\"trp-form-language\" value=\"en\"\/><\/form>\n<\/div>\n<\/div>\n\t\t\t\t<\/div>\n\t\t\t\t<\/div>\n\t\t\t\t\t<\/div>\n\t\t<\/div>\n\t\t\t\t\t\t\t<\/div>\n\t\t<\/section>\n\t\t\t\t\t\t\t<\/div>","protected":false},"excerpt":{"rendered":"<p>Comprendemos que cada compa\u00f1\u00eda tiene sus propios principios y valores, es por ello que dise\u00f1amos de manera personalizada cada propuesta de trabajo, iniciando con un levantamiento de perfil, valorando la escala salarial de la posici\u00f3n frente al mercado y el sector empresarial. Beneficios Manejamos tiempos de entrega m\u00ednimos, como compa\u00f1\u00eda consultora en Recursos Humanos entendemos [&hellip;]<\/p>","protected":false},"author":1,"featured_media":0,"parent":13027,"menu_order":0,"comment_status":"closed","ping_status":"closed","template":"elementor_header_footer","meta":{"_monsterinsights_skip_tracking":false,"_monsterinsights_sitenote_active":false,"_monsterinsights_sitenote_note":"","_monsterinsights_sitenote_category":0},"yoast_head":"<!-- This site is optimized with the Yoast SEO plugin v20.12 - https:\/\/yoast.com\/wordpress\/plugins\/seo\/ -->\n<title>Head-Hunter - Reclutalentos<\/title>\n<meta name=\"robots\" content=\"index, follow, max-snippet:-1, max-image-preview:large, max-video-preview:-1\" \/>\n<link rel=\"canonical\" href=\"https:\/\/reclutalentos.com\/en\/servicios\/head-hunter\/\" \/>\n<meta property=\"og:locale\" content=\"en_US\" \/>\n<meta property=\"og:type\" content=\"article\" \/>\n<meta property=\"og:title\" content=\"Head-Hunter - Reclutalentos\" \/>\n<meta property=\"og:description\" content=\"Comprendemos que cada compa\u00f1\u00eda tiene sus propios principios y valores, es por ello que dise\u00f1amos de manera personalizada cada propuesta de trabajo, iniciando con un levantamiento de perfil, valorando la escala salarial de la posici\u00f3n frente al mercado y el sector empresarial. Beneficios Manejamos tiempos de entrega m\u00ednimos, como compa\u00f1\u00eda consultora en Recursos Humanos entendemos [&hellip;]\" \/>\n<meta property=\"og:url\" content=\"https:\/\/reclutalentos.com\/en\/servicios\/head-hunter\/\" \/>\n<meta property=\"og:site_name\" content=\"Reclutalentos\" \/>\n<meta property=\"article:modified_time\" content=\"2025-06-11T14:51:51+00:00\" \/>\n<meta property=\"og:image\" content=\"https:\/\/reclutalentos.com\/wp-content\/uploads\/2023\/07\/Head-hunter-img-2.webp\" \/>\n<meta name=\"twitter:card\" content=\"summary_large_image\" \/>\n<meta name=\"twitter:label1\" content=\"Est. reading time\" \/>\n\t<meta name=\"twitter:data1\" content=\"2 minutes\" \/>\n<script type=\"application\/ld+json\" class=\"yoast-schema-graph\">{\"@context\":\"https:\/\/schema.org\",\"@graph\":[{\"@type\":\"WebPage\",\"@id\":\"https:\/\/reclutalentos.com\/servicios\/head-hunter\/\",\"url\":\"https:\/\/reclutalentos.com\/servicios\/head-hunter\/\",\"name\":\"Head-Hunter - Reclutalentos\",\"isPartOf\":{\"@id\":\"https:\/\/reclutalentos.com\/es\/#website\"},\"datePublished\":\"2022-03-02T04:04:10+00:00\",\"dateModified\":\"2025-06-11T14:51:51+00:00\",\"breadcrumb\":{\"@id\":\"https:\/\/reclutalentos.com\/servicios\/head-hunter\/#breadcrumb\"},\"inLanguage\":\"en-US\",\"potentialAction\":[{\"@type\":\"ReadAction\",\"target\":[\"https:\/\/reclutalentos.com\/servicios\/head-hunter\/\"]}]},{\"@type\":\"BreadcrumbList\",\"@id\":\"https:\/\/reclutalentos.com\/servicios\/head-hunter\/#breadcrumb\",\"itemListElement\":[{\"@type\":\"ListItem\",\"position\":1,\"name\":\"Portada\",\"item\":\"https:\/\/reclutalentos.com\/\"},{\"@type\":\"ListItem\",\"position\":2,\"name\":\"Servicios\",\"item\":\"https:\/\/reclutalentos.com\/servicios\/\"},{\"@type\":\"ListItem\",\"position\":3,\"name\":\"Head-Hunter\"}]},{\"@type\":\"WebSite\",\"@id\":\"https:\/\/reclutalentos.com\/es\/#website\",\"url\":\"https:\/\/reclutalentos.com\/es\/\",\"name\":\"Reclutalentos\",\"description\":\"Somos el HeadHunting n\u00famero uno en Am\u00e9rica Latina\",\"potentialAction\":[{\"@type\":\"SearchAction\",\"target\":{\"@type\":\"EntryPoint\",\"urlTemplate\":\"https:\/\/reclutalentos.com\/es\/?s={search_term_string}\"},\"query-input\":\"required name=search_term_string\"}],\"inLanguage\":\"en-US\"}]}<\/script>\n<!-- \/ Yoast SEO plugin. -->","yoast_head_json":{"title":"Head-Hunter - Reclutalentos","robots":{"index":"index","follow":"follow","max-snippet":"max-snippet:-1","max-image-preview":"max-image-preview:large","max-video-preview":"max-video-preview:-1"},"canonical":"https:\/\/reclutalentos.com\/en\/servicios\/head-hunter\/","og_locale":"en_US","og_type":"article","og_title":"Head-Hunter - Reclutalentos","og_description":"Comprendemos que cada compa\u00f1\u00eda tiene sus propios principios y valores, es por ello que dise\u00f1amos de manera personalizada cada propuesta de trabajo, iniciando con un levantamiento de perfil, valorando la escala salarial de la posici\u00f3n frente al mercado y el sector empresarial. Beneficios Manejamos tiempos de entrega m\u00ednimos, como compa\u00f1\u00eda consultora en Recursos Humanos entendemos [&hellip;]","og_url":"https:\/\/reclutalentos.com\/en\/servicios\/head-hunter\/","og_site_name":"Reclutalentos","article_modified_time":"2025-06-11T14:51:51+00:00","og_image":[{"url":"https:\/\/reclutalentos.com\/wp-content\/uploads\/2023\/07\/Head-hunter-img-2.webp"}],"twitter_card":"summary_large_image","twitter_misc":{"Est. reading time":"2 minutes"},"schema":{"@context":"https:\/\/schema.org","@graph":[{"@type":"WebPage","@id":"https:\/\/reclutalentos.com\/servicios\/head-hunter\/","url":"https:\/\/reclutalentos.com\/servicios\/head-hunter\/","name":"Head-Hunter - Reclutalentos","isPartOf":{"@id":"https:\/\/reclutalentos.com\/es\/#website"},"datePublished":"2022-03-02T04:04:10+00:00","dateModified":"2025-06-11T14:51:51+00:00","breadcrumb":{"@id":"https:\/\/reclutalentos.com\/servicios\/head-hunter\/#breadcrumb"},"inLanguage":"en-US","potentialAction":[{"@type":"ReadAction","target":["https:\/\/reclutalentos.com\/servicios\/head-hunter\/"]}]},{"@type":"BreadcrumbList","@id":"https:\/\/reclutalentos.com\/servicios\/head-hunter\/#breadcrumb","itemListElement":[{"@type":"ListItem","position":1,"name":"Portada","item":"https:\/\/reclutalentos.com\/"},{"@type":"ListItem","position":2,"name":"Servicios","item":"https:\/\/reclutalentos.com\/servicios\/"},{"@type":"ListItem","position":3,"name":"Head-Hunter"}]},{"@type":"WebSite","@id":"https:\/\/reclutalentos.com\/es\/#website","url":"https:\/\/reclutalentos.com\/es\/","name":"Reclutalentos","description":"Somos el HeadHunting n\u00famero uno en Am\u00e9rica Latina","potentialAction":[{"@type":"SearchAction","target":{"@type":"EntryPoint","urlTemplate":"https:\/\/reclutalentos.com\/es\/?s={search_term_string}"},"query-input":"required name=search_term_string"}],"inLanguage":"en-US"}]}},"_links":{"self":[{"href":"https:\/\/reclutalentos.com\/en\/wp-json\/wp\/v2\/pages\/24"}],"collection":[{"href":"https:\/\/reclutalentos.com\/en\/wp-json\/wp\/v2\/pages"}],"about":[{"href":"https:\/\/reclutalentos.com\/en\/wp-json\/wp\/v2\/types\/page"}],"author":[{"embeddable":true,"href":"https:\/\/reclutalentos.com\/en\/wp-json\/wp\/v2\/users\/1"}],"replies":[{"embeddable":true,"href":"https:\/\/reclutalentos.com\/en\/wp-json\/wp\/v2\/comments?post=24"}],"version-history":[{"count":151,"href":"https:\/\/reclutalentos.com\/en\/wp-json\/wp\/v2\/pages\/24\/revisions"}],"predecessor-version":[{"id":14109,"href":"https:\/\/reclutalentos.com\/en\/wp-json\/wp\/v2\/pages\/24\/revisions\/14109"}],"up":[{"embeddable":true,"href":"https:\/\/reclutalentos.com\/en\/wp-json\/wp\/v2\/pages\/13027"}],"wp:attachment":[{"href":"https:\/\/reclutalentos.com\/en\/wp-json\/wp\/v2\/media?parent=24"}],"curies":[{"name":"wp","href":"https:\/\/api.w.org\/{rel}","templated":true}]}}